{"id":541,"date":"2019-01-22T10:02:20","date_gmt":"2019-01-22T09:02:20","guid":{"rendered":"https:\/\/sansi.sk\/new\/?page_id=541"},"modified":"2021-05-24T17:26:30","modified_gmt":"2021-05-24T15:26:30","slug":"o-sansi","status":"publish","type":"page","link":"https:\/\/sansi.sk\/new\/index.php\/o-sansi\/","title":{"rendered":"O SANSI"},"content":{"rendered":"\t\t<div data-elementor-type=\"wp-post\" data-elementor-id=\"541\" class=\"elementor elementor-541\">\n\t\t\t\t\t\t<div class=\"elementor-inner\">\n\t\t\t\t<div class=\"elementor-section-wrap\">\n\t\t\t\t\t\t\t\t\t<section class=\"elementor-section elementor-top-section elementor-element elementor-element-3ca28fb5 elementor-section-stretched elementor-section-boxed elementor-section-height-default elementor-section-height-default\" data-id=\"3ca28fb5\" data-element_type=\"section\" data-settings=\"{&quot;background_background&quot;:&quot;classic&quot;,&quot;stretch_section&quot;:&quot;section-stretched&quot;}\">\n\t\t\t\t\t\t\t<div class=\"elementor-background-overlay\"><\/div>\n\t\t\t\t\t\t\t<div class=\"elementor-container elementor-column-gap-extended\">\n\t\t\t\t\t\t\t<div class=\"elementor-row\">\n\t\t\t\t\t<div class=\"elementor-column elementor-col-100 elementor-top-column elementor-element elementor-element-2080ee04\" data-id=\"2080ee04\" data-element_type=\"column\">\n\t\t\t<div class=\"elementor-column-wrap elementor-element-populated\">\n\t\t\t\t\t\t\t<div class=\"elementor-widget-wrap\">\n\t\t\t\t\t\t<section class=\"elementor-section elementor-inner-section elementor-element elementor-element-646289a elementor-section-boxed elementor-section-height-default elementor-section-height-default\" data-id=\"646289a\" data-element_type=\"section\">\n\t\t\t\t\t\t<div class=\"elementor-container elementor-column-gap-default\">\n\t\t\t\t\t\t\t<div class=\"elementor-row\">\n\t\t\t\t\t<div class=\"elementor-column elementor-col-50 elementor-inner-column elementor-element elementor-element-d38132c\" data-id=\"d38132c\" data-element_type=\"column\">\n\t\t\t<div class=\"elementor-column-wrap elementor-element-populated\">\n\t\t\t\t\t\t\t<div class=\"elementor-widget-wrap\">\n\t\t\t\t\t\t<div class=\"elementor-element elementor-element-5a8660a0 elementor-widget elementor-widget-heading\" data-id=\"5a8660a0\" data-element_type=\"widget\" data-widget_type=\"heading.default\">\n\t\t\t\t<div class=\"elementor-widget-container\">\n\t\t\t<h2 class=\"elementor-heading-title elementor-size-default\">O N\u00c1S<\/h2>\t\t<\/div>\n\t\t\t\t<\/div>\n\t\t\t\t\t\t<\/div>\n\t\t\t\t\t<\/div>\n\t\t<\/div>\n\t\t\t\t<div class=\"elementor-column elementor-col-50 elementor-inner-column elementor-element elementor-element-2a141f3\" data-id=\"2a141f3\" data-element_type=\"column\">\n\t\t\t<div class=\"elementor-column-wrap\">\n\t\t\t\t\t\t\t<div class=\"elementor-widget-wrap\">\n\t\t\t\t\t\t\t\t<\/div>\n\t\t\t\t\t<\/div>\n\t\t<\/div>\n\t\t\t\t\t\t\t\t<\/div>\n\t\t\t\t\t<\/div>\n\t\t<\/section>\n\t\t\t\t<div class=\"elementor-element elementor-element-2b8a4d6 elementor-widget elementor-widget-text-editor\" data-id=\"2b8a4d6\" data-element_type=\"widget\" data-settings=\"{&quot;_animation&quot;:&quot;none&quot;}\" data-widget_type=\"text-editor.default\">\n\t\t\t\t<div class=\"elementor-widget-container\">\n\t\t\t\t\t\t\t\t<div class=\"elementor-text-editor elementor-clearfix\">\n\t\t\t\t<p>SANSI s.r.o. je Va\u0161a firma zameran\u00e1 na pr\u00e1ce vo v\u00fd\u0161kach a nad vo\u013enou h\u013abkou. Zabezpe\u010dujeme komplexn\u00e9 v\u00fd\u0161kov\u00e9 pr\u00e1ce, rizikov\u00e9 pr\u00e1ce pomocou horolezeckej techniky, le\u0161enia, plo\u0161\u00edn a rebr\u00edkov. Vykon\u00e1vame v\u0161etky pr\u00e1ce od drobn\u00fdch \u00faprav a\u017e po komplexn\u00e9 rie\u0161enia ve\u013ek\u00fdch projektov. Hist\u00f3ria na\u0161ej firmy siaha do roku 2009 a na trhu p\u00f4sob\u00ed od roku 2015<\/p><p>Na\u0161a spolo\u010dnos\u0165 predov\u0161etk\u00fdm v Bratislavskom kraji ale realizujeme projekty na celom \u00fazem\u00ed Slovenska a v bl\u00edzkych krajin\u00e1ch ako Rak\u00fasko, Nemecko, \u010cesk\u00e1 republika\u00a0<\/p><p>Zaober\u00e1me sa predov\u0161etk\u00fdm um\u00fdvan\u00edm a \u010disten\u00edm fas\u00e1d budov, stavebn\u00fdmi pr\u00e1cami, natiera\u010dsk\u00fdmi pr\u00e1cami, tmelen\u00edm, ve\u0161an\u00edm bannerov, ochranou proti hniezdeniu holubov. Hlbinn\u00e9, b\u00faracie pr\u00e1ce ,\u010distenie s\u00edl, arboristika alebo dendrol\u00f3gia nie s\u00fa takisto prek\u00e1\u017ekou.<\/p><p>Na\u0161e odborn\u00e9 znalosti a sk\u00fasenosti s\u00fa pre v\u00e1s z\u00e1rukou dobre odvedenej pr\u00e1ce.<\/p><p>Te\u0161\u00edme sa na spolupr\u00e1cu s Vami.<\/p><ul><li><strong><span style=\"text-decoration: underline;\"><a href=\"https:\/\/sansi.sk\/new\/index.php\/natieracske-prace\/\">Natiera\u010dsk\u00e9 pr\u00e1ce<\/a><\/span><\/strong><\/li><li><strong><span style=\"text-decoration: underline;\"><a href=\"https:\/\/sansi.sk\/new\/index.php\/cistiace_prace_cistenie-okien-fasad-striech\/\">\u010cistiace pr\u00e1ce<\/a><\/span><\/strong><\/li><li><span style=\"text-decoration: underline;\"><strong><a href=\"https:\/\/sansi.sk\/new\/index.php\/opravy-montaze\/\">\u00dadr\u017eb\u00e1rske pr\u00e1ce<\/a><\/strong><\/span><\/li><li><span style=\"text-decoration: underline;\"><strong><a href=\"https:\/\/sansi.sk\/new\/index.php\/zelene-strechy\/\">Zelen\u00e9 strechy<\/a><\/strong><\/span><\/li><\/ul>\t\t\t\t\t<\/div>\n\t\t\t\t\t\t<\/div>\n\t\t\t\t<\/div>\n\t\t\t\t<section class=\"elementor-section elementor-inner-section elementor-element elementor-element-1c3e79e elementor-section-boxed elementor-section-height-default elementor-section-height-default\" data-id=\"1c3e79e\" data-element_type=\"section\">\n\t\t\t\t\t\t<div class=\"elementor-container elementor-column-gap-default\">\n\t\t\t\t\t\t\t<div class=\"elementor-row\">\n\t\t\t\t\t<div class=\"elementor-column elementor-col-100 elementor-inner-column elementor-element elementor-element-c3f6807\" data-id=\"c3f6807\" data-element_type=\"column\">\n\t\t\t<div class=\"elementor-column-wrap elementor-element-populated\">\n\t\t\t\t\t\t\t<div class=\"elementor-widget-wrap\">\n\t\t\t\t\t\t<div class=\"elementor-element elementor-element-b5465d5 elementor-widget elementor-widget-button\" data-id=\"b5465d5\" data-element_type=\"widget\" data-widget_type=\"button.default\">\n\t\t\t\t<div class=\"elementor-widget-container\">\n\t\t\t\t\t<div class=\"elementor-button-wrapper\">\n\t\t\t<a href=\"https:\/\/sansi.sk\/new\/index.php\/kontakt\/\" class=\"elementor-button-link elementor-button elementor-size-lg\" role=\"button\">\n\t\t\t\t\t\t<span class=\"elementor-button-content-wrapper\">\n\t\t\t\t\t\t<span class=\"elementor-button-text\">Kontaktujte n\u00e1s TU!<\/span>\n\t\t<\/span>\n\t\t\t\t\t<\/a>\n\t\t<\/div>\n\t\t\t\t<\/div>\n\t\t\t\t<\/div>\n\t\t\t\t\t\t<\/div>\n\t\t\t\t\t<\/div>\n\t\t<\/div>\n\t\t\t\t\t\t\t\t<\/div>\n\t\t\t\t\t<\/div>\n\t\t<\/section>\n\t\t\t\t\t\t<\/div>\n\t\t\t\t\t<\/div>\n\t\t<\/div>\n\t\t\t\t\t\t\t\t<\/div>\n\t\t\t\t\t<\/div>\n\t\t<\/section>\n\t\t\t\t\t\t\t\t\t<\/div>\n\t\t\t<\/div>\n\t\t\t\t\t<\/div>\n\t\t","protected":false},"excerpt":{"rendered":"<p>O N\u00c1S SANSI s.r.o. je Va\u0161a firma zameran\u00e1 na pr\u00e1ce vo v\u00fd\u0161kach a nad vo\u013enou&#8230;<\/p>\n<div class=\"more-link-wrapper\"><a class=\"more-link\" href=\"https:\/\/sansi.sk\/new\/index.php\/o-sansi\/\">Read the post<span class=\"screen-reader-text\">O SANSI<\/span><\/a><\/div>\n","protected":false},"author":2,"featured_media":0,"parent":0,"menu_order":0,"comment_status":"closed","ping_status":"closed","template":"elementor_header_footer","meta":{"_monsterinsights_skip_tracking":false,"_monsterinsights_sitenote_active":false,"_monsterinsights_sitenote_note":"","_monsterinsights_sitenote_category":0},"_links":{"self":[{"href":"https:\/\/sansi.sk\/new\/index.php\/wp-json\/wp\/v2\/pages\/541"}],"collection":[{"href":"https:\/\/sansi.sk\/new\/index.php\/wp-json\/wp\/v2\/pages"}],"about":[{"href":"https:\/\/sansi.sk\/new\/index.php\/wp-json\/wp\/v2\/types\/page"}],"author":[{"embeddable":true,"href":"https:\/\/sansi.sk\/new\/index.php\/wp-json\/wp\/v2\/users\/2"}],"replies":[{"embeddable":true,"href":"https:\/\/sansi.sk\/new\/index.php\/wp-json\/wp\/v2\/comments?post=541"}],"version-history":[{"count":6,"href":"https:\/\/sansi.sk\/new\/index.php\/wp-json\/wp\/v2\/pages\/541\/revisions"}],"predecessor-version":[{"id":1652,"href":"https:\/\/sansi.sk\/new\/index.php\/wp-json\/wp\/v2\/pages\/541\/revisions\/1652"}],"wp:attachment":[{"href":"https:\/\/sansi.sk\/new\/index.php\/wp-json\/wp\/v2\/media?parent=541"}],"curies":[{"name":"wp","href":"https:\/\/api.w.org\/{rel}","templated":true}]}}