{"id":730,"date":"2019-01-28T14:24:17","date_gmt":"2019-01-28T13:24:17","guid":{"rendered":"https:\/\/sansi.sk\/new\/?page_id=730"},"modified":"2019-01-28T18:08:29","modified_gmt":"2019-01-28T17:08:29","slug":"promovideo","status":"publish","type":"page","link":"https:\/\/sansi.sk\/new\/index.php\/galeria\/promovideo\/","title":{"rendered":"PROMOVIDEO"},"content":{"rendered":"\t\t<div data-elementor-type=\"wp-post\" data-elementor-id=\"730\" class=\"elementor elementor-730 elementor-bc-flex-widget\">\n\t\t\t\t\t\t<div class=\"elementor-inner\">\n\t\t\t\t<div class=\"elementor-section-wrap\">\n\t\t\t\t\t\t\t\t\t<section class=\"elementor-section elementor-top-section elementor-element elementor-element-7fe0fc20 elementor-section-height-min-height elementor-section-content-middle elementor-section-stretched elementor-section-boxed elementor-section-height-default elementor-section-items-middle\" data-id=\"7fe0fc20\" data-element_type=\"section\" data-settings=\"{&quot;background_background&quot;:&quot;classic&quot;,&quot;stretch_section&quot;:&quot;section-stretched&quot;}\">\n\t\t\t\t\t\t\t<div class=\"elementor-background-overlay\"><\/div>\n\t\t\t\t\t\t\t<div class=\"elementor-container elementor-column-gap-no\">\n\t\t\t\t\t\t\t<div class=\"elementor-row\">\n\t\t\t\t\t<div class=\"elementor-column elementor-col-50 elementor-top-column elementor-element elementor-element-4320109f\" data-id=\"4320109f\" data-element_type=\"column\">\n\t\t\t<div class=\"elementor-column-wrap elementor-element-populated\">\n\t\t\t\t\t\t\t<div class=\"elementor-widget-wrap\">\n\t\t\t\t\t\t<div class=\"elementor-element elementor-element-293c6221 elementor-widget elementor-widget-heading\" data-id=\"293c6221\" data-element_type=\"widget\" data-widget_type=\"heading.default\">\n\t\t\t\t<div class=\"elementor-widget-container\">\n\t\t\t<h5 class=\"elementor-heading-title elementor-size-default\">SANSi<br>Pr\u00e1ce vo v\u00fd\u0161k\u00e1ch<\/h5>\t\t<\/div>\n\t\t\t\t<\/div>\n\t\t\t\t<div class=\"elementor-element elementor-element-15cfb424 elementor-widget elementor-widget-heading\" data-id=\"15cfb424\" data-element_type=\"widget\" data-widget_type=\"heading.default\">\n\t\t\t\t<div class=\"elementor-widget-container\">\n\t\t\t<h2 class=\"elementor-heading-title elementor-size-default\">Pozrite si na\u0161e promovideo <\/h2>\t\t<\/div>\n\t\t\t\t<\/div>\n\t\t\t\t<div class=\"elementor-element elementor-element-5ec093f1 elementor-mobile-align-center elementor-widget elementor-widget-button\" data-id=\"5ec093f1\" data-element_type=\"widget\" data-widget_type=\"button.default\">\n\t\t\t\t<div class=\"elementor-widget-container\">\n\t\t\t\t\t<div class=\"elementor-button-wrapper\">\n\t\t\t<a href=\"https:\/\/sansi.sk\/new\/\" class=\"elementor-button-link elementor-button elementor-size-sm elementor-animation-grow\" role=\"button\">\n\t\t\t\t\t\t<span class=\"elementor-button-content-wrapper\">\n\t\t\t\t\t\t<span class=\"elementor-button-text\">DOMOV<\/span>\n\t\t<\/span>\n\t\t\t\t\t<\/a>\n\t\t<\/div>\n\t\t\t\t<\/div>\n\t\t\t\t<\/div>\n\t\t\t\t\t\t<\/div>\n\t\t\t\t\t<\/div>\n\t\t<\/div>\n\t\t\t\t<div class=\"elementor-column elementor-col-50 elementor-top-column elementor-element elementor-element-1c17aca\" data-id=\"1c17aca\" data-element_type=\"column\">\n\t\t\t<div class=\"elementor-column-wrap elementor-element-populated\">\n\t\t\t\t\t\t\t<div class=\"elementor-widget-wrap\">\n\t\t\t\t\t\t<div class=\"elementor-element elementor-element-1f664aa9 elementor-widget elementor-widget-video\" data-id=\"1f664aa9\" data-element_type=\"widget\" data-settings=\"{&quot;image_overlay&quot;:{&quot;url&quot;:&quot;https:\\\/\\\/sansi.sk\\\/new\\\/wp-content\\\/uploads\\\/2019\\\/01\\\/sansi_video_obr.jpg&quot;,&quot;id&quot;:748,&quot;size&quot;:&quot;&quot;},&quot;video_type&quot;:&quot;hosted&quot;,&quot;start&quot;:0,&quot;show_image_overlay&quot;:&quot;yes&quot;,&quot;lightbox&quot;:&quot;yes&quot;,&quot;controls&quot;:&quot;yes&quot;}\" data-widget_type=\"video.default\">\n\t\t\t\t<div class=\"elementor-widget-container\">\n\t\t\t\t\t<div class=\"e-hosted-video elementor-wrapper elementor-open-lightbox\">\n\t\t\t\t\t\t\t<div class=\"elementor-custom-embed-image-overlay\" data-elementor-open-lightbox=\"yes\" data-elementor-lightbox=\"{&quot;type&quot;:&quot;video&quot;,&quot;videoType&quot;:&quot;hosted&quot;,&quot;url&quot;:&quot;https:\\\/\\\/sansi.sk\\\/new\\\/wp-content\\\/uploads\\\/2019\\\/01\\\/Sansi-promo-video.mp4&quot;,&quot;modalOptions&quot;:{&quot;id&quot;:&quot;elementor-lightbox-1f664aa9&quot;,&quot;entranceAnimation&quot;:&quot;&quot;,&quot;entranceAnimation_tablet&quot;:&quot;&quot;,&quot;entranceAnimation_mobile&quot;:&quot;&quot;,&quot;videoAspectRatio&quot;:&quot;169&quot;},&quot;videoParams&quot;:{&quot;controls&quot;:&quot;&quot;,&quot;controlsList&quot;:&quot;nodownload&quot;}}\" data-e-action-hash=\"#elementor-action%3Aaction%3Dlightbox%26settings%3DeyJ0eXBlIjoidmlkZW8iLCJ2aWRlb1R5cGUiOiJob3N0ZWQiLCJ1cmwiOiJodHRwczpcL1wvc2Fuc2kuc2tcL25ld1wvd3AtY29udGVudFwvdXBsb2Fkc1wvMjAxOVwvMDFcL1NhbnNpLXByb21vLXZpZGVvLm1wNCIsIm1vZGFsT3B0aW9ucyI6eyJpZCI6ImVsZW1lbnRvci1saWdodGJveC0xZjY2NGFhOSIsImVudHJhbmNlQW5pbWF0aW9uIjoiIiwiZW50cmFuY2VBbmltYXRpb25fdGFibGV0IjoiIiwiZW50cmFuY2VBbmltYXRpb25fbW9iaWxlIjoiIiwidmlkZW9Bc3BlY3RSYXRpbyI6IjE2OSJ9LCJ2aWRlb1BhcmFtcyI6eyJjb250cm9scyI6IiIsImNvbnRyb2xzTGlzdCI6Im5vZG93bmxvYWQifX0%3D\">\n\t\t\t\t\t\t\t\t\t\t\t<img width=\"1535\" height=\"655\" src=\"https:\/\/sansi.sk\/new\/wp-content\/uploads\/2019\/01\/sansi_video_obr.jpg\" class=\"attachment-full size-full wp-image-748\" alt=\"logo SANSI\" loading=\"lazy\" srcset=\"https:\/\/sansi.sk\/new\/wp-content\/uploads\/2019\/01\/sansi_video_obr.jpg 1535w, https:\/\/sansi.sk\/new\/wp-content\/uploads\/2019\/01\/sansi_video_obr-300x128.jpg 300w, https:\/\/sansi.sk\/new\/wp-content\/uploads\/2019\/01\/sansi_video_obr-768x328.jpg 768w, https:\/\/sansi.sk\/new\/wp-content\/uploads\/2019\/01\/sansi_video_obr-1024x437.jpg 1024w\" sizes=\"(max-width: 1535px) 100vw, 1535px\" \/>\t\t\t\t\t\t\t\t\t\t\t\t\t\t\t\t<div class=\"elementor-custom-embed-play\" role=\"button\" aria-label=\"Prehra\u0165 video\" tabindex=\"0\">\n\t\t\t\t\t\t\t<i aria-hidden=\"true\" class=\"eicon-play\"><\/i>\t\t\t\t\t\t\t<span class=\"elementor-screen-only\">Prehra\u0165 video<\/span>\n\t\t\t\t\t\t<\/div>\n\t\t\t\t\t\t\t\t\t<\/div>\n\t\t\t\t\t<\/div>\n\t\t\t\t<\/div>\n\t\t\t\t<\/div>\n\t\t\t\t\t\t<\/div>\n\t\t\t\t\t<\/div>\n\t\t<\/div>\n\t\t\t\t\t\t\t\t<\/div>\n\t\t\t\t\t<\/div>\n\t\t<\/section>\n\t\t\t\t\t\t\t\t\t<\/div>\n\t\t\t<\/div>\n\t\t\t\t\t<\/div>\n\t\t","protected":false},"excerpt":{"rendered":"<p>SANSiPr\u00e1ce vo v\u00fd\u0161k\u00e1ch Pozrite si na\u0161e promovideo DOMOV http:\/\/Array<\/p>\n","protected":false},"author":2,"featured_media":0,"parent":54,"menu_order":0,"comment_status":"closed","ping_status":"closed","template":"","meta":{"_monsterinsights_skip_tracking":false,"_monsterinsights_sitenote_active":false,"_monsterinsights_sitenote_note":"","_monsterinsights_sitenote_category":0},"_links":{"self":[{"href":"https:\/\/sansi.sk\/new\/index.php\/wp-json\/wp\/v2\/pages\/730"}],"collection":[{"href":"https:\/\/sansi.sk\/new\/index.php\/wp-json\/wp\/v2\/pages"}],"about":[{"href":"https:\/\/sansi.sk\/new\/index.php\/wp-json\/wp\/v2\/types\/page"}],"author":[{"embeddable":true,"href":"https:\/\/sansi.sk\/new\/index.php\/wp-json\/wp\/v2\/users\/2"}],"replies":[{"embeddable":true,"href":"https:\/\/sansi.sk\/new\/index.php\/wp-json\/wp\/v2\/comments?post=730"}],"version-history":[{"count":7,"href":"https:\/\/sansi.sk\/new\/index.php\/wp-json\/wp\/v2\/pages\/730\/revisions"}],"predecessor-version":[{"id":1310,"href":"https:\/\/sansi.sk\/new\/index.php\/wp-json\/wp\/v2\/pages\/730\/revisions\/1310"}],"up":[{"embeddable":true,"href":"https:\/\/sansi.sk\/new\/index.php\/wp-json\/wp\/v2\/pages\/54"}],"wp:attachment":[{"href":"https:\/\/sansi.sk\/new\/index.php\/wp-json\/wp\/v2\/media?parent=730"}],"curies":[{"name":"wp","href":"https:\/\/api.w.org\/{rel}","templated":true}]}}