{"id":988,"date":"2021-04-21T14:15:31","date_gmt":"2021-04-21T12:15:31","guid":{"rendered":"https:\/\/sansi.sk\/new\/?page_id=988"},"modified":"2021-04-25T21:22:31","modified_gmt":"2021-04-25T19:22:31","slug":"zelene-strechy","status":"publish","type":"page","link":"https:\/\/sansi.sk\/new\/index.php\/zelene-strechy\/","title":{"rendered":"Zelen\u00e9 strechy"},"content":{"rendered":"\t\t<div data-elementor-type=\"wp-page\" data-elementor-id=\"988\" class=\"elementor elementor-988\">\n\t\t\t\t\t\t<div class=\"elementor-inner\">\n\t\t\t\t<div class=\"elementor-section-wrap\">\n\t\t\t\t\t\t\t\t\t<section class=\"elementor-section elementor-top-section elementor-element elementor-element-795b968 elementor-section-boxed elementor-section-height-default elementor-section-height-default\" data-id=\"795b968\" data-element_type=\"section\">\n\t\t\t\t\t\t<div class=\"elementor-container elementor-column-gap-default\">\n\t\t\t\t\t\t\t<div class=\"elementor-row\">\n\t\t\t\t\t<div class=\"elementor-column elementor-col-100 elementor-top-column elementor-element elementor-element-9cd1cdb\" data-id=\"9cd1cdb\" data-element_type=\"column\">\n\t\t\t<div class=\"elementor-column-wrap elementor-element-populated\">\n\t\t\t\t\t\t\t<div class=\"elementor-widget-wrap\">\n\t\t\t\t\t\t<div class=\"elementor-element elementor-element-523b6d6 elementor-widget elementor-widget-heading\" data-id=\"523b6d6\" data-element_type=\"widget\" data-widget_type=\"heading.default\">\n\t\t\t\t<div class=\"elementor-widget-container\">\n\t\t\t<h1 class=\"elementor-heading-title elementor-size-default\">Zelen\u00e9 strechy a fas\u00e1dy<\/h1>\t\t<\/div>\n\t\t\t\t<\/div>\n\t\t\t\t\t\t<\/div>\n\t\t\t\t\t<\/div>\n\t\t<\/div>\n\t\t\t\t\t\t\t\t<\/div>\n\t\t\t\t\t<\/div>\n\t\t<\/section>\n\t\t\t\t<section class=\"elementor-section elementor-top-section elementor-element elementor-element-f00af87 elementor-section-boxed elementor-section-height-default elementor-section-height-default\" data-id=\"f00af87\" data-element_type=\"section\">\n\t\t\t\t\t\t<div class=\"elementor-container elementor-column-gap-default\">\n\t\t\t\t\t\t\t<div class=\"elementor-row\">\n\t\t\t\t\t<div class=\"elementor-column elementor-col-100 elementor-top-column elementor-element elementor-element-4a46edd\" data-id=\"4a46edd\" data-element_type=\"column\">\n\t\t\t<div class=\"elementor-column-wrap elementor-element-populated\">\n\t\t\t\t\t\t\t<div class=\"elementor-widget-wrap\">\n\t\t\t\t\t\t<div class=\"elementor-element elementor-element-0e1aa56 elementor-widget elementor-widget-text-editor\" data-id=\"0e1aa56\" data-element_type=\"widget\" data-widget_type=\"text-editor.default\">\n\t\t\t\t<div class=\"elementor-widget-container\">\n\t\t\t\t\t\t\t\t<div class=\"elementor-text-editor elementor-clearfix\">\n\t\t\t\t<p>Zaober\u00e1me sa kompletn\u00fdm n\u00e1vrhom, pr\u00edpravou a\u00a0realiz\u00e1ciou zelen\u00fdch striech a\u00a0fas\u00e1d. V\u00fdhody zelen\u00fdch striech s\u00fa \u010d\u00edm \u010falej o\u010dividn\u00e9 a\u00a0pre bud\u00facnos\u0165 trvalo udr\u017eiavate\u013enej\u0161ie.<\/p><p>Zelen\u00e9 strechy del\u00edme pod\u013ea typu do nieko\u013ek\u00fdch druhov a\u00a0to extenz\u00edvne,\u00a0intenz\u00edvne a\u00a0strm\u00e9 strechy. Ka\u017ed\u00fd tip prisp\u00f4sobujeme pod\u013ea statiky a\u00a0finan\u010dn\u00fdm mo\u017enostiam a\u00a0potreb\u00e1m ka\u017ed\u00e9ho klienta zvl\u00e1\u0161\u0165. Vzh\u013eadom na mno\u017estvo stre\u0161n\u00e9ho substr\u00e1tu kde pri intenz\u00edvnych strech\u00e1ch dosahuje hr\u00fabku 30 cm a\u00a0viacej. Tento tip zelenej strechy realizujeme napr\u00edklad na novovznikaj\u00facich v\u00fd\u0161kov\u00fdch budov\u00e1ch v\u00a0centr\u00e1ch miest a\u00a0extenz\u00edvny tip pri men\u0161\u00edch rodinn\u00fdch domoch, ktor\u00e9 sa rozhodli vymeni\u0165 star\u00fa krytinu za ekologickej\u0161iu variantu.\u00a0Pri tomto tipe dosahuje mocnos\u0165 vegeta\u010dnej vrstvy\u00a0 okolo 15 cm.<\/p><p><img loading=\"lazy\" class=\"alignnone size-medium wp-image-996\" src=\"https:\/\/sansi.sk\/new\/wp-content\/uploads\/2021\/04\/DEV_2-300x169.jpg\" alt=\"\" width=\"300\" height=\"169\" srcset=\"https:\/\/sansi.sk\/new\/wp-content\/uploads\/2021\/04\/DEV_2-300x169.jpg 300w, https:\/\/sansi.sk\/new\/wp-content\/uploads\/2021\/04\/DEV_2-1024x576.jpg 1024w, https:\/\/sansi.sk\/new\/wp-content\/uploads\/2021\/04\/DEV_2-768x432.jpg 768w, https:\/\/sansi.sk\/new\/wp-content\/uploads\/2021\/04\/DEV_2-1536x864.jpg 1536w, https:\/\/sansi.sk\/new\/wp-content\/uploads\/2021\/04\/DEV_2.jpg 1920w\" sizes=\"(max-width: 300px) 100vw, 300px\" \/> <img loading=\"lazy\" class=\"alignnone size-medium wp-image-995\" src=\"https:\/\/sansi.sk\/new\/wp-content\/uploads\/2021\/04\/DEV_1-300x169.jpg\" alt=\"\" width=\"300\" height=\"169\" srcset=\"https:\/\/sansi.sk\/new\/wp-content\/uploads\/2021\/04\/DEV_1-300x169.jpg 300w, https:\/\/sansi.sk\/new\/wp-content\/uploads\/2021\/04\/DEV_1-1024x576.jpg 1024w, https:\/\/sansi.sk\/new\/wp-content\/uploads\/2021\/04\/DEV_1-768x432.jpg 768w, https:\/\/sansi.sk\/new\/wp-content\/uploads\/2021\/04\/DEV_1-1536x864.jpg 1536w, https:\/\/sansi.sk\/new\/wp-content\/uploads\/2021\/04\/DEV_1.jpg 1920w\" sizes=\"(max-width: 300px) 100vw, 300px\" \/><\/p><p>Zelen\u00e1 strecha \u010di fas\u00e1da v\u00e1m u\u0161etr\u00ed v\u00fddaje za energiu. V lete, pohlcuje ve\u013ek\u00e9 mno\u017estvo slne\u010dn\u00e9ho \u017eiarenia a naopak v zime kv\u00f4li v\u00e4\u010d\u0161ej vrstve zeminy neunik\u00e1 to\u013eko tepla cez strechu do exteri\u00e9ru. Zelen\u00e9 strechy a fas\u00e1dy zlep\u0161uj\u00fa celkov\u00fd estetick\u00fd dojem okolia a psychologicky prospievaj\u00fa du\u0161evn\u00e9mu zdraviu svojich obyvate\u013eov.<\/p><p><img loading=\"lazy\" class=\"alignnone size-medium wp-image-997\" src=\"https:\/\/sansi.sk\/new\/wp-content\/uploads\/2021\/04\/Strojnicka_1_5-Photo-300x169.jpg\" alt=\"\" width=\"300\" height=\"169\" srcset=\"https:\/\/sansi.sk\/new\/wp-content\/uploads\/2021\/04\/Strojnicka_1_5-Photo-300x169.jpg 300w, https:\/\/sansi.sk\/new\/wp-content\/uploads\/2021\/04\/Strojnicka_1_5-Photo-1024x576.jpg 1024w, https:\/\/sansi.sk\/new\/wp-content\/uploads\/2021\/04\/Strojnicka_1_5-Photo-768x432.jpg 768w, https:\/\/sansi.sk\/new\/wp-content\/uploads\/2021\/04\/Strojnicka_1_5-Photo-1536x864.jpg 1536w, https:\/\/sansi.sk\/new\/wp-content\/uploads\/2021\/04\/Strojnicka_1_5-Photo.jpg 1920w\" sizes=\"(max-width: 300px) 100vw, 300px\" \/> <img loading=\"lazy\" class=\"alignnone size-medium wp-image-991\" src=\"https:\/\/sansi.sk\/new\/wp-content\/uploads\/2021\/04\/Strojnicka_1_7-Photo-300x169.jpg\" alt=\"\" width=\"300\" height=\"169\" srcset=\"https:\/\/sansi.sk\/new\/wp-content\/uploads\/2021\/04\/Strojnicka_1_7-Photo-300x169.jpg 300w, https:\/\/sansi.sk\/new\/wp-content\/uploads\/2021\/04\/Strojnicka_1_7-Photo-1024x576.jpg 1024w, https:\/\/sansi.sk\/new\/wp-content\/uploads\/2021\/04\/Strojnicka_1_7-Photo-768x432.jpg 768w, https:\/\/sansi.sk\/new\/wp-content\/uploads\/2021\/04\/Strojnicka_1_7-Photo-1536x864.jpg 1536w, https:\/\/sansi.sk\/new\/wp-content\/uploads\/2021\/04\/Strojnicka_1_7-Photo.jpg 1920w\" sizes=\"(max-width: 300px) 100vw, 300px\" \/><\/p><p>Z\u00e1kladn\u00fdm a\u00a0ve\u013emi d\u00f4le\u017eit\u00fdm indik\u00e1torom zelenej strechy je dobre spraven\u00e1 hydroizol\u00e1cia z\u00a0kvalitnej f\u00f3lie odolnej vo\u010di poveternostn\u00fdm podmienkam a\u00a0kore\u0148ov\u00e9mu syst\u00e9mu. Pred n\u00e1nosom akejko\u013evek inej vrstvy je tento segment riadne otestovan\u00fd \u010di niekde nepretek\u00e1. N\u00e1sledne uklad\u00e1me \u010fal\u0161ie vrstvenie geotext\u00edlie, poch\u00f4dzny syst\u00e9m, kali\u0161kov\u00fa f\u00f3liu, r\u00f4zne typy sieti (ak je to potrebn\u00e9 kv\u00f4li strmosti podkladu)\u00a0 a\u00a0v\u00a0neposlednom rade substr\u00e1ty a\u00a0rastliny vybran\u00e9 na\u0161imi odborn\u00edkmi.<\/p><p><img loading=\"lazy\" class=\"alignnone size-medium wp-image-990\" src=\"https:\/\/sansi.sk\/new\/wp-content\/uploads\/2021\/04\/Strojnicka_1_6-Photo-300x169.jpg\" alt=\"\" width=\"300\" height=\"169\" srcset=\"https:\/\/sansi.sk\/new\/wp-content\/uploads\/2021\/04\/Strojnicka_1_6-Photo-300x169.jpg 300w, https:\/\/sansi.sk\/new\/wp-content\/uploads\/2021\/04\/Strojnicka_1_6-Photo-1024x576.jpg 1024w, https:\/\/sansi.sk\/new\/wp-content\/uploads\/2021\/04\/Strojnicka_1_6-Photo-768x432.jpg 768w, https:\/\/sansi.sk\/new\/wp-content\/uploads\/2021\/04\/Strojnicka_1_6-Photo-1536x864.jpg 1536w, https:\/\/sansi.sk\/new\/wp-content\/uploads\/2021\/04\/Strojnicka_1_6-Photo.jpg 1920w\" sizes=\"(max-width: 300px) 100vw, 300px\" \/> <img loading=\"lazy\" class=\"alignnone size-medium wp-image-992\" src=\"https:\/\/sansi.sk\/new\/wp-content\/uploads\/2021\/04\/VAMP_1_Photo-2-300x169.jpg\" alt=\"\" width=\"300\" height=\"169\" srcset=\"https:\/\/sansi.sk\/new\/wp-content\/uploads\/2021\/04\/VAMP_1_Photo-2-300x169.jpg 300w, https:\/\/sansi.sk\/new\/wp-content\/uploads\/2021\/04\/VAMP_1_Photo-2-1024x576.jpg 1024w, https:\/\/sansi.sk\/new\/wp-content\/uploads\/2021\/04\/VAMP_1_Photo-2-768x432.jpg 768w, https:\/\/sansi.sk\/new\/wp-content\/uploads\/2021\/04\/VAMP_1_Photo-2-1536x864.jpg 1536w, https:\/\/sansi.sk\/new\/wp-content\/uploads\/2021\/04\/VAMP_1_Photo-2.jpg 1920w\" sizes=\"(max-width: 300px) 100vw, 300px\" \/><\/p><p>Ak by ste mali obavy pred ve\u013ekou realiz\u00e1ciou, nov\u00fdmi technol\u00f3giami\u00a0 napr. na rodinn\u00fd dom \u010di chatu m\u00e1me pre V\u00e1s prichystan\u00e9 rie\u0161enia v\u00a0men\u0161om a\u00a0to projektami na k\u013e\u00fa\u010d. Z\u00e1hradn\u00fd dom\u010dek, alt\u00e1nok \u010di fas\u00e1dny segment.<\/p><p><img loading=\"lazy\" class=\"alignnone size-medium wp-image-994\" src=\"https:\/\/sansi.sk\/new\/wp-content\/uploads\/2021\/04\/VAMP_1_Photo-7-300x169.jpg\" alt=\"\" width=\"300\" height=\"169\" srcset=\"https:\/\/sansi.sk\/new\/wp-content\/uploads\/2021\/04\/VAMP_1_Photo-7-300x169.jpg 300w, https:\/\/sansi.sk\/new\/wp-content\/uploads\/2021\/04\/VAMP_1_Photo-7-1024x576.jpg 1024w, https:\/\/sansi.sk\/new\/wp-content\/uploads\/2021\/04\/VAMP_1_Photo-7-768x432.jpg 768w, https:\/\/sansi.sk\/new\/wp-content\/uploads\/2021\/04\/VAMP_1_Photo-7-1536x864.jpg 1536w, https:\/\/sansi.sk\/new\/wp-content\/uploads\/2021\/04\/VAMP_1_Photo-7.jpg 1920w\" sizes=\"(max-width: 300px) 100vw, 300px\" \/> <img loading=\"lazy\" class=\"alignnone size-medium wp-image-993\" src=\"https:\/\/sansi.sk\/new\/wp-content\/uploads\/2021\/04\/VAMP_1_Photo-6-300x169.jpg\" alt=\"\" width=\"300\" height=\"169\" srcset=\"https:\/\/sansi.sk\/new\/wp-content\/uploads\/2021\/04\/VAMP_1_Photo-6-300x169.jpg 300w, https:\/\/sansi.sk\/new\/wp-content\/uploads\/2021\/04\/VAMP_1_Photo-6-1024x576.jpg 1024w, https:\/\/sansi.sk\/new\/wp-content\/uploads\/2021\/04\/VAMP_1_Photo-6-768x432.jpg 768w, https:\/\/sansi.sk\/new\/wp-content\/uploads\/2021\/04\/VAMP_1_Photo-6-1536x864.jpg 1536w, https:\/\/sansi.sk\/new\/wp-content\/uploads\/2021\/04\/VAMP_1_Photo-6.jpg 1920w\" sizes=\"(max-width: 300px) 100vw, 300px\" \/><\/p><p>Aby bola na\u0161a firma v\u00a0tomto smere \u00fapln\u00e1 poskytuje okrem n\u00e1vrhu, pr\u00edpravy a\u00a0realiz\u00e1cie zelen\u00fdch striech a\u00a0fas\u00e1d aj ich \u00fadr\u017ebu. Odplevelenie alebo hnojenie na \u0165a\u017eko dostupn\u00fdch miesta\u00a0 na\u0161i v\u00fd\u0161kov\u00fd pracovn\u00edci pou\u017e\u00edvaj\u00fa lanov\u00fa techniku, le\u0161enia, rebr\u00edky aj plo\u0161iny.<\/p>\t\t\t\t\t<\/div>\n\t\t\t\t\t\t<\/div>\n\t\t\t\t<\/div>\n\t\t\t\t\t\t<\/div>\n\t\t\t\t\t<\/div>\n\t\t<\/div>\n\t\t\t\t\t\t\t\t<\/div>\n\t\t\t\t\t<\/div>\n\t\t<\/section>\n\t\t\t\t<section class=\"elementor-section elementor-top-section elementor-element elementor-element-fdd95a6 elementor-section-boxed elementor-section-height-default elementor-section-height-default\" data-id=\"fdd95a6\" data-element_type=\"section\">\n\t\t\t\t\t\t<div class=\"elementor-container elementor-column-gap-default\">\n\t\t\t\t\t\t\t<div class=\"elementor-row\">\n\t\t\t\t\t<div class=\"elementor-column elementor-col-100 elementor-top-column elementor-element elementor-element-7f92c74\" data-id=\"7f92c74\" data-element_type=\"column\">\n\t\t\t<div class=\"elementor-column-wrap elementor-element-populated\">\n\t\t\t\t\t\t\t<div class=\"elementor-widget-wrap\">\n\t\t\t\t\t\t<div class=\"elementor-element elementor-element-24f3934 elementor-align-center elementor-widget elementor-widget-button\" data-id=\"24f3934\" data-element_type=\"widget\" data-widget_type=\"button.default\">\n\t\t\t\t<div class=\"elementor-widget-container\">\n\t\t\t\t\t<div class=\"elementor-button-wrapper\">\n\t\t\t<a href=\"https:\/\/sansi.sk\/new\/index.php\/kontakt\/\" class=\"elementor-button-link elementor-button elementor-size-lg\" role=\"button\">\n\t\t\t\t\t\t<span class=\"elementor-button-content-wrapper\">\n\t\t\t\t\t\t<span class=\"elementor-button-text\">Kontaktujte n\u00e1s TU!<\/span>\n\t\t<\/span>\n\t\t\t\t\t<\/a>\n\t\t<\/div>\n\t\t\t\t<\/div>\n\t\t\t\t<\/div>\n\t\t\t\t\t\t<\/div>\n\t\t\t\t\t<\/div>\n\t\t<\/div>\n\t\t\t\t\t\t\t\t<\/div>\n\t\t\t\t\t<\/div>\n\t\t<\/section>\n\t\t\t\t\t\t\t\t\t<\/div>\n\t\t\t<\/div>\n\t\t\t\t\t<\/div>\n\t\t","protected":false},"excerpt":{"rendered":"<p>Zelen\u00e9 strechy a fas\u00e1dy Zaober\u00e1me sa kompletn\u00fdm n\u00e1vrhom, pr\u00edpravou a&nbsp;realiz\u00e1ciou zelen\u00fdch striech a&nbsp;fas\u00e1d. V\u00fdhody zelen\u00fdch&#8230;<\/p>\n<div class=\"more-link-wrapper\"><a class=\"more-link\" href=\"https:\/\/sansi.sk\/new\/index.php\/zelene-strechy\/\">Read the post<span class=\"screen-reader-text\">Zelen\u00e9 strechy<\/span><\/a><\/div>\n","protected":false},"author":2,"featured_media":0,"parent":0,"menu_order":0,"comment_status":"closed","ping_status":"closed","template":"elementor_header_footer","meta":{"_monsterinsights_skip_tracking":false,"_monsterinsights_sitenote_active":false,"_monsterinsights_sitenote_note":"","_monsterinsights_sitenote_category":0},"_links":{"self":[{"href":"https:\/\/sansi.sk\/new\/index.php\/wp-json\/wp\/v2\/pages\/988"}],"collection":[{"href":"https:\/\/sansi.sk\/new\/index.php\/wp-json\/wp\/v2\/pages"}],"about":[{"href":"https:\/\/sansi.sk\/new\/index.php\/wp-json\/wp\/v2\/types\/page"}],"author":[{"embeddable":true,"href":"https:\/\/sansi.sk\/new\/index.php\/wp-json\/wp\/v2\/users\/2"}],"replies":[{"embeddable":true,"href":"https:\/\/sansi.sk\/new\/index.php\/wp-json\/wp\/v2\/comments?post=988"}],"version-history":[{"count":6,"href":"https:\/\/sansi.sk\/new\/index.php\/wp-json\/wp\/v2\/pages\/988\/revisions"}],"predecessor-version":[{"id":1501,"href":"https:\/\/sansi.sk\/new\/index.php\/wp-json\/wp\/v2\/pages\/988\/revisions\/1501"}],"wp:attachment":[{"href":"https:\/\/sansi.sk\/new\/index.php\/wp-json\/wp\/v2\/media?parent=988"}],"curies":[{"name":"wp","href":"https:\/\/api.w.org\/{rel}","templated":true}]}}